{"id":685,"date":"2026-02-13T23:12:53","date_gmt":"2026-02-13T23:12:53","guid":{"rendered":"https:\/\/rentdrivemarbella.com\/?page_id=685"},"modified":"2026-02-13T23:17:22","modified_gmt":"2026-02-13T23:17:22","slug":"aviso-legal","status":"publish","type":"page","link":"https:\/\/rentdrivemarbella.com\/en\/aviso-legal\/","title":{"rendered":"Aviso legal"},"content":{"rendered":"<h2>Informaci\u00f3n de la Empresa<\/h2>\n<p>Nombre de la empresa: Alquivent Barquitos S.L.<\/p>\n<p>CIF: B13925557<\/p>\n<p>Direcci\u00f3n: Urb. Huerta del prado, Calle Los Juncos 8, 29602, Marbella, M\u00e1laga, Espa\u00f1a<\/p>\n<p>Tel\u00e9fono de contacto: <a href=\"tel:+34637102897\">+34 637 102 897<\/a><\/p>\n<p><a href=\"\/en\/contacto\/\">Contact<\/a><\/p>\n<h2>Responsabilidad del Contenido<\/h2>\n<p>El contenido de este sitio web ha sido elaborado con el m\u00e1ximo cuidado y diligencia. Sin embargo, no podemos asumir ninguna responsabilidad por la exactitud, integridad o actualidad de la informaci\u00f3n proporcionada. Como proveedores de servicios, somos responsables de nuestro propio contenido en estas p\u00e1ginas de acuerdo con las leyes generales. Sin embargo, no estamos obligados a supervisar la informaci\u00f3n de terceros transmitida o almacenada ni a investigar circunstancias que indiquen actividades ilegales.<\/p>\n<h2>Responsabilidad por Enlaces<\/h2>\n<p>Nuestro sitio web puede contener enlaces a sitios web externos de terceros cuyo contenido no est\u00e1 bajo nuestro control. Por lo tanto, no podemos asumir ninguna responsabilidad por estos contenidos externos. El proveedor u operador respectivo de las p\u00e1ginas enlazadas es siempre responsable de su contenido. Las p\u00e1ginas enlazadas fueron revisadas en busca de posibles infracciones legales en el momento del enlace. Los contenidos ilegales no eran reconocibles en el momento del enlace. Sin embargo, un control permanente del contenido de las p\u00e1ginas enlazadas no es razonable sin pruebas concretas de una infracci\u00f3n. Si tenemos conocimiento de violaciones, eliminaremos dichos enlaces de inmediato.<\/p>\n<h2>Derechos de Autor<\/h2>\n<p>Los contenidos y obras en estas p\u00e1ginas creados por el operador del sitio est\u00e1n sujetos a la ley de derechos de autor. La reproducci\u00f3n, procesamiento, distribuci\u00f3n y cualquier tipo de explotaci\u00f3n m\u00e1s all\u00e1 de los l\u00edmites de los derechos de autor requieren el consentimiento por escrito del respectivo autor o creador. Las descargas y copias de este sitio solo est\u00e1n permitidas para uso privado y no comercial. En la medida en que el contenido de este sitio no haya sido creado por el operador, se respetan los derechos de autor de terceros. En particular, los contenidos de terceros se identifican como tales. Si a pesar de ello, usted detectara alguna infracci\u00f3n de derechos de autor, le rogamos que nos informe al respecto. Si tenemos conocimiento de infracciones, eliminaremos dicho contenido de inmediato.<\/p>\n<h2>Resoluci\u00f3n de Conflictos<\/h2>\n<p>La Comisi\u00f3n Europea proporciona una plataforma para la resoluci\u00f3n de conflictos en l\u00ednea (ODR), que puede encontrar en https:\/\/ec.europa.eu\/consumers\/odr\/. No estamos obligados ni dispuestos a participar en procedimientos de resoluci\u00f3n de conflictos ante una junta de arbitraje para consumidores.<\/p>\n<p>Ten en cuenta que este es solo un ejemplo de texto y puede ser necesario personalizarlo seg\u00fan los requisitos legales y comerciales espec\u00edficos de tu empresa. Se recomienda consultar con un profesional legal para asegurarse de que el aviso legal cumpla con todas las leyes y regulaciones relevantes en tu jurisdicci\u00f3n.<\/p>","protected":false},"excerpt":{"rendered":"<p>Informaci\u00f3n de la Empresa Nombre de la empresa: Alquivent Barquitos S.L. CIF: B13925557 Direcci\u00f3n: Urb. Huerta del prado, Calle Los Juncos 8, 29602, Marbella, M\u00e1laga, Espa\u00f1a Tel\u00e9fono de contacto: +34 637 102 897 Contacto Responsabilidad del Contenido El contenido de este sitio web ha sido elaborado con el m\u00e1ximo cuidado y diligencia. Sin embargo, no [&hellip;]<\/p>\n","protected":false},"author":1,"featured_media":0,"parent":0,"menu_order":0,"comment_status":"closed","ping_status":"closed","template":"","meta":{"footnotes":""},"class_list":["post-685","page","type-page","status-publish","hentry"],"yoast_head":"<!-- This site is optimized with the Yoast SEO plugin v27.4 - https:\/\/yoast.com\/product\/yoast-seo-wordpress\/ -->\n<title>Aviso legal -<\/title>\n<meta name=\"robots\" content=\"index, follow, max-snippet:-1, max-image-preview:large, max-video-preview:-1\" \/>\n<link rel=\"canonical\" href=\"https:\/\/rentdrivemarbella.com\/en\/aviso-legal\/\" \/>\n<meta property=\"og:locale\" content=\"en_GB\" \/>\n<meta property=\"og:type\" content=\"article\" \/>\n<meta property=\"og:title\" content=\"Aviso legal -\" \/>\n<meta property=\"og:description\" content=\"Informaci\u00f3n de la Empresa Nombre de la empresa: Alquivent Barquitos S.L. CIF: B13925557 Direcci\u00f3n: Urb. Huerta del prado, Calle Los Juncos 8, 29602, Marbella, M\u00e1laga, Espa\u00f1a Tel\u00e9fono de contacto: +34 637 102 897 Contacto Responsabilidad del Contenido El contenido de este sitio web ha sido elaborado con el m\u00e1ximo cuidado y diligencia. Sin embargo, no [&hellip;]\" \/>\n<meta property=\"og:url\" content=\"https:\/\/rentdrivemarbella.com\/en\/aviso-legal\/\" \/>\n<meta property=\"article:modified_time\" content=\"2026-02-13T23:17:22+00:00\" \/>\n<meta name=\"twitter:card\" content=\"summary_large_image\" \/>\n<meta name=\"twitter:label1\" content=\"Estimated reading time\" \/>\n\t<meta name=\"twitter:data1\" content=\"2 minutes\" \/>\n<script type=\"application\/ld+json\" class=\"yoast-schema-graph\">{\"@context\":\"https:\\\/\\\/schema.org\",\"@graph\":[{\"@type\":\"WebPage\",\"@id\":\"https:\\\/\\\/rentdrivemarbella.com\\\/aviso-legal\\\/\",\"url\":\"https:\\\/\\\/rentdrivemarbella.com\\\/aviso-legal\\\/\",\"name\":\"Aviso legal -\",\"isPartOf\":{\"@id\":\"https:\\\/\\\/rentdrivemarbella.com\\\/#website\"},\"datePublished\":\"2026-02-13T23:12:53+00:00\",\"dateModified\":\"2026-02-13T23:17:22+00:00\",\"breadcrumb\":{\"@id\":\"https:\\\/\\\/rentdrivemarbella.com\\\/aviso-legal\\\/#breadcrumb\"},\"inLanguage\":\"en-GB\",\"potentialAction\":[{\"@type\":\"ReadAction\",\"target\":[\"https:\\\/\\\/rentdrivemarbella.com\\\/aviso-legal\\\/\"]}]},{\"@type\":\"BreadcrumbList\",\"@id\":\"https:\\\/\\\/rentdrivemarbella.com\\\/aviso-legal\\\/#breadcrumb\",\"itemListElement\":[{\"@type\":\"ListItem\",\"position\":1,\"name\":\"Portada\",\"item\":\"https:\\\/\\\/rentdrivemarbella.com\\\/\"},{\"@type\":\"ListItem\",\"position\":2,\"name\":\"Aviso legal\"}]},{\"@type\":\"WebSite\",\"@id\":\"https:\\\/\\\/rentdrivemarbella.com\\\/#website\",\"url\":\"https:\\\/\\\/rentdrivemarbella.com\\\/\",\"name\":\"Rent Drive Marbella\",\"description\":\"Alquiler de coches y scooters\",\"publisher\":{\"@id\":\"https:\\\/\\\/rentdrivemarbella.com\\\/#organization\"},\"potentialAction\":[{\"@type\":\"SearchAction\",\"target\":{\"@type\":\"EntryPoint\",\"urlTemplate\":\"https:\\\/\\\/rentdrivemarbella.com\\\/?s={search_term_string}\"},\"query-input\":{\"@type\":\"PropertyValueSpecification\",\"valueRequired\":true,\"valueName\":\"search_term_string\"}}],\"inLanguage\":\"en-GB\"},{\"@type\":\"Organization\",\"@id\":\"https:\\\/\\\/rentdrivemarbella.com\\\/#organization\",\"name\":\"Alquivent barquitos, S.L.\",\"url\":\"https:\\\/\\\/rentdrivemarbella.com\\\/\",\"logo\":{\"@type\":\"ImageObject\",\"inLanguage\":\"en-GB\",\"@id\":\"https:\\\/\\\/rentdrivemarbella.com\\\/#\\\/schema\\\/logo\\\/image\\\/\",\"url\":\"https:\\\/\\\/rentdrivemarbella.com\\\/wp-content\\\/uploads\\\/2026\\\/01\\\/cropped-car-1.png\",\"contentUrl\":\"https:\\\/\\\/rentdrivemarbella.com\\\/wp-content\\\/uploads\\\/2026\\\/01\\\/cropped-car-1.png\",\"width\":512,\"height\":512,\"caption\":\"Alquivent barquitos, S.L.\"},\"image\":{\"@id\":\"https:\\\/\\\/rentdrivemarbella.com\\\/#\\\/schema\\\/logo\\\/image\\\/\"},\"sameAs\":[\"https:\\\/\\\/www.instagram.com\\\/rentdrivepuertobanus\\\/\"]}]}<\/script>\n<!-- \/ Yoast SEO plugin. -->","yoast_head_json":{"title":"Aviso legal -","robots":{"index":"index","follow":"follow","max-snippet":"max-snippet:-1","max-image-preview":"max-image-preview:large","max-video-preview":"max-video-preview:-1"},"canonical":"https:\/\/rentdrivemarbella.com\/en\/aviso-legal\/","og_locale":"en_GB","og_type":"article","og_title":"Aviso legal -","og_description":"Informaci\u00f3n de la Empresa Nombre de la empresa: Alquivent Barquitos S.L. CIF: B13925557 Direcci\u00f3n: Urb. Huerta del prado, Calle Los Juncos 8, 29602, Marbella, M\u00e1laga, Espa\u00f1a Tel\u00e9fono de contacto: +34 637 102 897 Contacto Responsabilidad del Contenido El contenido de este sitio web ha sido elaborado con el m\u00e1ximo cuidado y diligencia. Sin embargo, no [&hellip;]","og_url":"https:\/\/rentdrivemarbella.com\/en\/aviso-legal\/","article_modified_time":"2026-02-13T23:17:22+00:00","twitter_card":"summary_large_image","twitter_misc":{"Estimated reading time":"2 minutes"},"schema":{"@context":"https:\/\/schema.org","@graph":[{"@type":"WebPage","@id":"https:\/\/rentdrivemarbella.com\/aviso-legal\/","url":"https:\/\/rentdrivemarbella.com\/aviso-legal\/","name":"Aviso legal -","isPartOf":{"@id":"https:\/\/rentdrivemarbella.com\/#website"},"datePublished":"2026-02-13T23:12:53+00:00","dateModified":"2026-02-13T23:17:22+00:00","breadcrumb":{"@id":"https:\/\/rentdrivemarbella.com\/aviso-legal\/#breadcrumb"},"inLanguage":"en-GB","potentialAction":[{"@type":"ReadAction","target":["https:\/\/rentdrivemarbella.com\/aviso-legal\/"]}]},{"@type":"BreadcrumbList","@id":"https:\/\/rentdrivemarbella.com\/aviso-legal\/#breadcrumb","itemListElement":[{"@type":"ListItem","position":1,"name":"Portada","item":"https:\/\/rentdrivemarbella.com\/"},{"@type":"ListItem","position":2,"name":"Aviso legal"}]},{"@type":"WebSite","@id":"https:\/\/rentdrivemarbella.com\/#website","url":"https:\/\/rentdrivemarbella.com\/","name":"Rent Drive Marbella","description":"Alquiler de coches y scooters","publisher":{"@id":"https:\/\/rentdrivemarbella.com\/#organization"},"potentialAction":[{"@type":"SearchAction","target":{"@type":"EntryPoint","urlTemplate":"https:\/\/rentdrivemarbella.com\/?s={search_term_string}"},"query-input":{"@type":"PropertyValueSpecification","valueRequired":true,"valueName":"search_term_string"}}],"inLanguage":"en-GB"},{"@type":"Organization","@id":"https:\/\/rentdrivemarbella.com\/#organization","name":"Alquivent barquitos, S.L.","url":"https:\/\/rentdrivemarbella.com\/","logo":{"@type":"ImageObject","inLanguage":"en-GB","@id":"https:\/\/rentdrivemarbella.com\/#\/schema\/logo\/image\/","url":"https:\/\/rentdrivemarbella.com\/wp-content\/uploads\/2026\/01\/cropped-car-1.png","contentUrl":"https:\/\/rentdrivemarbella.com\/wp-content\/uploads\/2026\/01\/cropped-car-1.png","width":512,"height":512,"caption":"Alquivent barquitos, S.L."},"image":{"@id":"https:\/\/rentdrivemarbella.com\/#\/schema\/logo\/image\/"},"sameAs":["https:\/\/www.instagram.com\/rentdrivepuertobanus\/"]}]}},"_hostinger_reach_plugin_has_subscription_block":false,"_hostinger_reach_plugin_is_elementor":false,"_links":{"self":[{"href":"https:\/\/rentdrivemarbella.com\/en\/wp-json\/wp\/v2\/pages\/685","targetHints":{"allow":["GET"]}}],"collection":[{"href":"https:\/\/rentdrivemarbella.com\/en\/wp-json\/wp\/v2\/pages"}],"about":[{"href":"https:\/\/rentdrivemarbella.com\/en\/wp-json\/wp\/v2\/types\/page"}],"author":[{"embeddable":true,"href":"https:\/\/rentdrivemarbella.com\/en\/wp-json\/wp\/v2\/users\/1"}],"replies":[{"embeddable":true,"href":"https:\/\/rentdrivemarbella.com\/en\/wp-json\/wp\/v2\/comments?post=685"}],"version-history":[{"count":3,"href":"https:\/\/rentdrivemarbella.com\/en\/wp-json\/wp\/v2\/pages\/685\/revisions"}],"predecessor-version":[{"id":688,"href":"https:\/\/rentdrivemarbella.com\/en\/wp-json\/wp\/v2\/pages\/685\/revisions\/688"}],"wp:attachment":[{"href":"https:\/\/rentdrivemarbella.com\/en\/wp-json\/wp\/v2\/media?parent=685"}],"curies":[{"name":"wp","href":"https:\/\/api.w.org\/{rel}","templated":true}]}}